{"id":1396,"date":"2020-09-01T13:02:49","date_gmt":"2020-09-01T11:02:49","guid":{"rendered":"https:\/\/whatmkt.com\/agencia-organizadora-de-eventos\/"},"modified":"2025-02-13T13:59:51","modified_gmt":"2025-02-13T12:59:51","slug":"agencia-organitzadora-esdeveniments","status":"publish","type":"page","link":"https:\/\/whatmkt.com\/ca\/agencia-organitzadora-esdeveniments\/","title":{"rendered":"Esdeveniments personalitzats"},"content":{"rendered":"<p><div class=\"fusion-fullwidth fullwidth-box fusion-builder-row-1 fusion-flex-container has-pattern-background has-mask-background hundred-percent-fullwidth non-hundred-percent-height-scrolling\" style=\"--awb-border-radius-top-left:0px;--awb-border-radius-top-right:0px;--awb-border-radius-bottom-right:0px;--awb-border-radius-bottom-left:0px;--awb-padding-top:4%;--awb-padding-right:10%;--awb-padding-bottom:4%;--awb-padding-left:10%;--awb-flex-wrap:wrap;\" ><div class=\"fusion-builder-row fusion-row fusion-flex-align-items-center fusion-flex-align-content-center fusion-flex-content-wrap\" style=\"width:104% !important;max-width:104% !important;margin-left: calc(-4% \/ 2 );margin-right: calc(-4% \/ 2 );\"><div class=\"fusion-layout-column fusion_builder_column fusion-builder-column-0 fusion_builder_column_1_1 1_1 fusion-flex-column fusion-flex-align-self-center\" style=\"--awb-z-index:9999;--awb-bg-size:cover;--awb-width-large:100%;--awb-margin-top-large:0px;--awb-spacing-right-large:1.92%;--awb-margin-bottom-large:20px;--awb-spacing-left-large:1.92%;--awb-width-medium:100%;--awb-order-medium:0;--awb-spacing-right-medium:1.92%;--awb-spacing-left-medium:1.92%;--awb-width-small:100%;--awb-order-small:0;--awb-spacing-right-small:1.92%;--awb-spacing-left-small:1.92%;\"><div class=\"fusion-column-wrapper fusion-column-has-shadow fusion-flex-justify-content-center fusion-content-layout-column\"><div class=\"fusion-title title fusion-title-1 fusion-sep-none fusion-title-text fusion-title-size-one\" style=\"--awb-text-color:#000000;--awb-margin-top-small:10px;--awb-margin-bottom-small:10px;--awb-font-size:128px;\"><h1 class=\"fusion-title-heading title-heading-left fusion-responsive-typography-calculated\" style=\"margin:0;text-transform:uppercase;font-size:1em;--fontSize:128;line-height:1;\">Esdeveniments<br \/>\n<span style=\"text-decoration: underline; text-decoration-color: #f50002;\"><em>personalitzats<\/em><\/span><\/h1><\/div><div class=\"fusion-title title fusion-title-2 fusion-sep-none fusion-title-text fusion-title-size-two\" style=\"--awb-text-color:#000000;--awb-margin-top-small:10px;--awb-margin-bottom-small:10px;--awb-font-size:50px;\"><h2 class=\"fusion-title-heading title-heading-left fusion-responsive-typography-calculated\" style=\"font-family:&quot;Hanken Grotesk&quot;;font-style:normal;font-weight:400;margin:0;font-size:1em;--fontSize:50;line-height:1;\">Per a qu\u00e8 necessites una ag\u00e8ncia organitzadora d\u2019esdeveniments?<\/h2><\/div><\/div><\/div><\/div><\/div><div class=\"fusion-fullwidth fullwidth-box fusion-builder-row-2 fusion-flex-container has-pattern-background has-mask-background hundred-percent-fullwidth non-hundred-percent-height-scrolling\" style=\"--awb-border-radius-top-left:0px;--awb-border-radius-top-right:0px;--awb-border-radius-bottom-right:0px;--awb-border-radius-bottom-left:0px;--awb-padding-top:3%;--awb-padding-right:10%;--awb-padding-bottom:3%;--awb-padding-left:10%;--awb-flex-wrap:wrap;\" ><div class=\"fusion-builder-row fusion-row fusion-flex-align-items-flex-start fusion-flex-content-wrap\" style=\"width:104% !important;max-width:104% !important;margin-left: calc(-4% \/ 2 );margin-right: calc(-4% \/ 2 );\"><div class=\"fusion-layout-column fusion_builder_column fusion-builder-column-1 fusion_builder_column_1_2 1_2 fusion-flex-column fusion-flex-align-self-flex-start\" style=\"--awb-bg-size:cover;--awb-width-large:50%;--awb-margin-top-large:0px;--awb-spacing-right-large:3.84%;--awb-margin-bottom-large:0px;--awb-spacing-left-large:3.84%;--awb-width-medium:50%;--awb-order-medium:0;--awb-spacing-right-medium:3.84%;--awb-spacing-left-medium:3.84%;--awb-width-small:100%;--awb-order-small:0;--awb-spacing-right-small:1.92%;--awb-spacing-left-small:1.92%;\"><div class=\"fusion-column-wrapper fusion-column-has-shadow fusion-flex-justify-content-flex-start fusion-content-layout-column\"><div class=\"fusion-text fusion-text-1\"><div class=\"fusion-text fusion-text-2\">\n<p>Et demostrarem que una <strong>ag\u00e8ncia organitzadora d\u2019esdeveniments<\/strong> \u00e9s molt \u00fatil. Per a presentar un nou producte o servei d\u2019una forma original i creativa. Per a celebrar que el <strong>projecte<\/strong> en el qual vas creure fa deu anys avan\u00e7a amb pas ferm i cada dia sou m\u00e9s en l\u2019equip. Per a celebrar que en la teva empresa sou la canya i us ve de gust passar temps junts fora de les oficines fent <strong>teambuilding<\/strong>. O simplement, perqu\u00e8 no dones prove\u00efment i necessites alg\u00fa que \u201cla toqui\u201d que pugui ajudar-te a organitzar aquest aniversari o aquestes noces que tanta <strong>il\u00b7lusi\u00f3<\/strong> et fa.<\/p>\n<\/div>\n<\/div><div class=\"fusion-image-element \" style=\"--awb-aspect-ratio:2 \/ 1;--awb-caption-title-font-family:var(--h2_typography-font-family);--awb-caption-title-font-weight:var(--h2_typography-font-weight);--awb-caption-title-font-style:var(--h2_typography-font-style);--awb-caption-title-size:var(--h2_typography-font-size);--awb-caption-title-transform:var(--h2_typography-text-transform);--awb-caption-title-line-height:var(--h2_typography-line-height);--awb-caption-title-letter-spacing:var(--h2_typography-letter-spacing);\"><span class=\" fusion-imageframe imageframe-none imageframe-1 hover-type-none has-aspect-ratio\"><img decoding=\"async\" width=\"1000\" height=\"750\" title=\"what-marketing-0\" src=\"https:\/\/whatmkt.com\/wp-content\/uploads\/2024\/08\/what-marketing-0.jpg\" data-orig-src=\"https:\/\/whatmkt.com\/wp-content\/uploads\/2024\/08\/what-marketing-0.jpg\" class=\"lazyload img-responsive wp-image-4556 img-with-aspect-ratio\" data-parent-fit=\"cover\" data-parent-container=\".fusion-image-element\" srcset=\"data:image\/svg+xml,%3Csvg%20xmlns%3D%27http%3A%2F%2Fwww.w3.org%2F2000%2Fsvg%27%20width%3D%271000%27%20height%3D%27750%27%20viewBox%3D%270%200%201000%20750%27%3E%3Crect%20width%3D%271000%27%20height%3D%27750%27%20fill-opacity%3D%220%22%2F%3E%3C%2Fsvg%3E\" data-srcset=\"https:\/\/whatmkt.com\/wp-content\/uploads\/2024\/08\/what-marketing-0-200x150.jpg 200w, https:\/\/whatmkt.com\/wp-content\/uploads\/2024\/08\/what-marketing-0-400x300.jpg 400w, https:\/\/whatmkt.com\/wp-content\/uploads\/2024\/08\/what-marketing-0-600x450.jpg 600w, https:\/\/whatmkt.com\/wp-content\/uploads\/2024\/08\/what-marketing-0-800x600.jpg 800w, https:\/\/whatmkt.com\/wp-content\/uploads\/2024\/08\/what-marketing-0.jpg 1000w\" data-sizes=\"auto\" data-orig-sizes=\"(max-width: 740px) 100vw, 800px\" data-orig- alt=\"-\"><\/span><\/div><\/div><\/div><div class=\"fusion-layout-column fusion_builder_column fusion-builder-column-2 fusion_builder_column_1_2 1_2 fusion-flex-column\" style=\"--awb-padding-top-small:6%;--awb-bg-size:cover;--awb-width-large:50%;--awb-margin-top-large:0px;--awb-spacing-right-large:3.84%;--awb-margin-bottom-large:0px;--awb-spacing-left-large:3.84%;--awb-width-medium:50%;--awb-order-medium:0;--awb-spacing-right-medium:3.84%;--awb-spacing-left-medium:3.84%;--awb-width-small:100%;--awb-order-small:0;--awb-spacing-right-small:1.92%;--awb-spacing-left-small:1.92%;\"><div class=\"fusion-column-wrapper fusion-column-has-shadow fusion-flex-justify-content-flex-start fusion-content-layout-column\"><div class=\"accordian fusion-accordian\" style=\"--awb-padding-bottom:3%;--awb-border-size:1px;--awb-icon-size:16px;--awb-content-font-size:15px;--awb-icon-alignment:left;--awb-hover-color:var(--awb-color2);--awb-border-color:var(--awb-color3);--awb-background-color:var(--awb-color1);--awb-divider-color:var(--awb-color3);--awb-divider-hover-color:var(--awb-color3);--awb-icon-color:var(--awb-color4);--awb-title-color:var(--awb-color7);--awb-content-color:var(--awb-color7);--awb-icon-box-color:var(--awb-color6);--awb-toggle-hover-accent-color:var(--awb-color4);--awb-title-font-family:&quot;Hanken Grotesk&quot;;--awb-title-font-weight:400;--awb-title-font-style:normal;--awb-title-font-size:25px;--awb-title-letter-spacing:var(--awb-typography1-letter-spacing);--awb-title-line-height:var(--awb-typography1-line-height);--awb-content-font-family:&quot;Hanken Grotesk&quot;;--awb-content-font-style:normal;--awb-content-font-weight:400;\"><div class=\"panel-group fusion-toggle-icon-unboxed\" id=\"accordion-1396-1\"><div class=\"fusion-panel panel-default panel-a2cb2b28d56121756 fusion-toggle-no-divider\" style=\"--awb-title-color:var(--awb-color7);--awb-content-color:var(--awb-color7);\"><div class=\"panel-heading\"><h3 class=\"panel-title toggle\" id=\"toggle_a2cb2b28d56121756\"><a class=\"active\" aria-expanded=\"true\" aria-controls=\"a2cb2b28d56121756\" role=\"button\" data-toggle=\"collapse\" data-parent=\"#accordion-1396-1\" data-target=\"#a2cb2b28d56121756\" href=\"#a2cb2b28d56121756\"><span class=\"fusion-toggle-icon-wrapper\" aria-hidden=\"true\"><i class=\"fa-fusion-box active-icon fa-arrow-down fas\" aria-hidden=\"true\"><\/i><i class=\"fa-fusion-box inactive-icon fa-arrow-right fas\" aria-hidden=\"true\"><\/i><\/span><span class=\"fusion-toggle-heading\"> Esdeveniments corporatius<\/span><\/a><\/h3><\/div><div id=\"a2cb2b28d56121756\" class=\"panel-collapse collapse in\" aria-labelledby=\"toggle_a2cb2b28d56121756\"><div class=\"panel-body toggle-content fusion-clearfix\">\n<div class=\"accordian fusion-accordian\">\n<div id=\"accordion-1396-1\" class=\"panel-group fusion-toggle-icon-boxed\">\n<div class=\"fusion-panel panel-default panel-a2cb2b28d56121756 fusion-toggle-has-divider\">\n<div id=\"a2cb2b28d56121756\" class=\"panel-collapse collapse in\" aria-labelledby=\"toggle_a2cb2b28d56121756\">\n<div class=\"panel-body toggle-content fusion-clearfix\">\n<p>Som<strong> l\u2019ag\u00e8ncia organitzadora d\u2019esdeveniments<\/strong> ideal per a ajudar-te en tot all\u00f2 relacionat amb la teva empresa. Podem ajudar-te en els llan\u00e7aments de producte, en la presentaci\u00f3 de comptes anuals d\u2019una forma amena o en l\u2019aniversari de la teva empresa. Tamb\u00e9 som el teu millor aliat per a cuidar del teu equip amb experi\u00e8ncies divertides, motivadores, diferents, perqu\u00e8 sortir de l\u2019oficina de tant en tant \u00e9s necessari i passar-ho ben junts \u00e9s imprescindible.<\/p>\n<\/div>\n<\/div>\n<\/div>\n<\/div>\n<\/div>\n<div class=\"accordian fusion-accordian\">\n<div id=\"accordion-1396-2\" class=\"panel-group fusion-toggle-icon-boxed\">\n<div class=\"fusion-panel panel-default panel-7f398867eefe09e41 fusion-toggle-has-divider\">\n<div class=\"panel-heading\">\n<h3 id=\"toggle_7f398867eefe09e41\" class=\"panel-title toggle fusion-responsive-typography-calculated\" data-fontsize=\"15\" data-lineheight=\"22.05px\"><\/h3>\n<\/div>\n<\/div>\n<\/div>\n<\/div>\n<\/div><\/div><\/div><div class=\"fusion-panel panel-default panel-28f3d8a23775b3065 fusion-toggle-no-divider\" style=\"--awb-title-color:var(--awb-color7);--awb-content-color:var(--awb-color7);\"><div class=\"panel-heading\"><h3 class=\"panel-title toggle\" id=\"toggle_28f3d8a23775b3065\"><a aria-expanded=\"false\" aria-controls=\"28f3d8a23775b3065\" role=\"button\" data-toggle=\"collapse\" data-parent=\"#accordion-1396-1\" data-target=\"#28f3d8a23775b3065\" href=\"#28f3d8a23775b3065\"><span class=\"fusion-toggle-icon-wrapper\" aria-hidden=\"true\"><i class=\"fa-fusion-box active-icon fa-arrow-down fas\" aria-hidden=\"true\"><\/i><i class=\"fa-fusion-box inactive-icon fa-arrow-right fas\" aria-hidden=\"true\"><\/i><\/span><span class=\"fusion-toggle-heading\"> Celebracions privades<\/span><\/a><\/h3><\/div><div id=\"28f3d8a23775b3065\" class=\"panel-collapse collapse \" aria-labelledby=\"toggle_28f3d8a23775b3065\"><div class=\"panel-body toggle-content fusion-clearfix\">\n<div class=\"accordian fusion-accordian\">\n<div id=\"accordion-1396-2\" class=\"panel-group fusion-toggle-icon-boxed\">\n<div class=\"fusion-panel panel-default panel-7f398867eefe09e41 fusion-toggle-has-divider\">\n<div id=\"7f398867eefe09e41\" class=\"panel-collapse collapse in\" aria-labelledby=\"toggle_7f398867eefe09e41\">\n<div class=\"panel-body toggle-content fusion-clearfix\">\n<p>El treball \u00e9s molt important, per\u00f2 el que passa fora d\u2019ell tamb\u00e9. La fam\u00edlia i els amics s\u00f3n una baula vital en la vida de qualsevol persona i cuidar dels moments que passes amb ells ens encanta. Sabem que el dia a dia sovint ens deixa poc temps per a preparar aniversari, celebracions familiars o amb amics i dates assenyalades que tenen un especial valor sentimental. Des de <strong>What!<\/strong>, podem ajudar-te al fet que siguin incre\u00efbles. Et prometem que cuidarem de cada detall, per petit que sigui.<\/p>\n<\/div>\n<\/div>\n<\/div>\n<\/div>\n<\/div>\n<\/div><\/div><\/div><\/div><\/div><\/div><\/div><\/div><\/div><div class=\"fusion-fullwidth fullwidth-box fusion-builder-row-3 fusion-flex-container has-pattern-background has-mask-background hundred-percent-fullwidth non-hundred-percent-height-scrolling\" style=\"--awb-border-radius-top-left:0px;--awb-border-radius-top-right:0px;--awb-border-radius-bottom-right:0px;--awb-border-radius-bottom-left:0px;--awb-padding-top:3%;--awb-padding-right:10%;--awb-padding-bottom:3%;--awb-padding-left:10%;--awb-flex-wrap:wrap;\" ><div class=\"fusion-builder-row fusion-row fusion-flex-align-items-flex-start fusion-flex-content-wrap\" style=\"width:104% !important;max-width:104% !important;margin-left: calc(-4% \/ 2 );margin-right: calc(-4% \/ 2 );\"><div class=\"fusion-layout-column fusion_builder_column fusion-builder-column-3 fusion_builder_column_2_3 2_3 fusion-flex-column\" style=\"--awb-bg-size:cover;--awb-width-large:66.666666666667%;--awb-margin-top-large:0px;--awb-spacing-right-large:2.88%;--awb-margin-bottom-large:0px;--awb-spacing-left-large:2.88%;--awb-width-medium:66.666666666667%;--awb-order-medium:0;--awb-spacing-right-medium:2.88%;--awb-spacing-left-medium:2.88%;--awb-width-small:100%;--awb-order-small:0;--awb-spacing-right-small:1.92%;--awb-spacing-left-small:1.92%;\"><div class=\"fusion-column-wrapper fusion-column-has-shadow fusion-flex-justify-content-flex-start fusion-content-layout-column\"><div class=\"fusion-title title fusion-title-3 fusion-sep-none fusion-title-text fusion-title-size-two\" style=\"--awb-margin-top-small:10px;--awb-margin-bottom-small:10px;--awb-font-size:48px;\"><h2 class=\"fusion-title-heading title-heading-left fusion-responsive-typography-calculated\" style=\"margin:0;font-size:1em;--fontSize:48;line-height:1;\">What! \u00e9s l\u2019ag\u00e8ncia organitzadora d\u2019esdeveniments que no pot faltar en la teva llista de contactes<\/h2><\/div><div class=\"fusion-text fusion-text-2\"><div class=\"fusion-text fusion-text-3\">\n<p>Volem ajudar-te a organitzar tots aquells esdeveniments que per a tu s\u00f3n importants, per\u00f2 no tens temps suficient per a dedicar-li-ho. Arribarem on tu no pots i aconseguirem sorprendre\u2019t. Encara no ho saps, per\u00f2 formem un gran equip.<\/p>\n<\/div>\n<\/div><\/div><\/div><div class=\"fusion-layout-column fusion_builder_column fusion-builder-column-4 fusion_builder_column_1_3 1_3 fusion-flex-column fusion-flex-align-self-flex-end\" style=\"--awb-bg-size:cover;--awb-width-large:33.333333333333%;--awb-margin-top-large:0px;--awb-spacing-right-large:5.76%;--awb-margin-bottom-large:0px;--awb-spacing-left-large:5.76%;--awb-width-medium:33.333333333333%;--awb-order-medium:0;--awb-spacing-right-medium:5.76%;--awb-spacing-left-medium:5.76%;--awb-width-small:100%;--awb-order-small:0;--awb-spacing-right-small:1.92%;--awb-spacing-left-small:1.92%;\"><div class=\"fusion-column-wrapper fusion-column-has-shadow fusion-flex-justify-content-flex-start fusion-content-layout-column\"><div ><a class=\"fusion-button button-flat fusion-button-default-size button-default fusion-button-default button-1 fusion-button-default-span fusion-button-default-type\" target=\"_self\" href=\"https:\/\/whatmkt.com\/ca\/contacte\/\"><span class=\"fusion-button-text awb-button__text awb-button__text--default\">Qu\u00e8 et portes entre mans?<\/span><\/a><\/div><\/div><\/div><\/div><\/div><\/p>\n","protected":false},"excerpt":{"rendered":"","protected":false},"author":1,"featured_media":0,"parent":0,"menu_order":0,"comment_status":"closed","ping_status":"closed","template":"100-width.php","meta":{"footnotes":""},"class_list":["post-1396","page","type-page","status-publish","hentry"],"_links":{"self":[{"href":"https:\/\/whatmkt.com\/ca\/wp-json\/wp\/v2\/pages\/1396","targetHints":{"allow":["GET"]}}],"collection":[{"href":"https:\/\/whatmkt.com\/ca\/wp-json\/wp\/v2\/pages"}],"about":[{"href":"https:\/\/whatmkt.com\/ca\/wp-json\/wp\/v2\/types\/page"}],"author":[{"embeddable":true,"href":"https:\/\/whatmkt.com\/ca\/wp-json\/wp\/v2\/users\/1"}],"replies":[{"embeddable":true,"href":"https:\/\/whatmkt.com\/ca\/wp-json\/wp\/v2\/comments?post=1396"}],"version-history":[{"count":22,"href":"https:\/\/whatmkt.com\/ca\/wp-json\/wp\/v2\/pages\/1396\/revisions"}],"predecessor-version":[{"id":5010,"href":"https:\/\/whatmkt.com\/ca\/wp-json\/wp\/v2\/pages\/1396\/revisions\/5010"}],"wp:attachment":[{"href":"https:\/\/whatmkt.com\/ca\/wp-json\/wp\/v2\/media?parent=1396"}],"curies":[{"name":"wp","href":"https:\/\/api.w.org\/{rel}","templated":true}]}}